{"id":435,"date":"2025-08-22T09:39:28","date_gmt":"2025-08-22T07:39:28","guid":{"rendered":"https:\/\/www.residencepizzoscalino.com\/?page_id=435"},"modified":"2026-03-20T11:31:35","modified_gmt":"2026-03-20T10:31:35","slug":"gebiet","status":"publish","type":"page","link":"https:\/\/www.residencepizzoscalino.com\/de\/gebiet\/","title":{"rendered":"Territorium"},"content":{"rendered":"<div data-elementor-type=\"wp-page\" data-elementor-id=\"435\" class=\"elementor elementor-435\" data-elementor-post-type=\"page\">\n\t\t\t\t<div class=\"elementor-element elementor-element-da30e73 e-flex e-con-boxed e-con e-parent\" data-id=\"da30e73\" data-element_type=\"container\" data-settings=\"{&quot;background_background&quot;:&quot;classic&quot;,&quot;jet_parallax_layout_list&quot;:[],&quot;shape_divider_bottom&quot;:&quot;pyramids&quot;}\">\n\t\t\t\t\t<div class=\"e-con-inner\">\n\t\t\t\t<div class=\"elementor-shape elementor-shape-bottom\" aria-hidden=\"true\" data-negative=\"false\">\n\t\t\t<svg xmlns=\"http:\/\/www.w3.org\/2000\/svg\" viewbox=\"0 0 1000 100\" preserveaspectratio=\"none\">\n\t<path class=\"elementor-shape-fill\" d=\"M761.9,44.1L643.1,27.2L333.8,98L0,3.8V0l1000,0v3.9\"\/>\n<\/svg>\t\t<\/div>\n\t\t\t\t<div class=\"elementor-element elementor-element-025ae5f elementor-widget elementor-widget-heading\" data-id=\"025ae5f\" data-element_type=\"widget\" data-widget_type=\"heading.default\">\n\t\t\t\t<div class=\"elementor-widget-container\">\n\t\t\t\t\t<h1 class=\"elementor-heading-title elementor-size-default\">Das Valmalenco-Gebiet: <br>zwischen Natur, Kultur und Abenteuer<\/h1>\t\t\t\t<\/div>\n\t\t\t\t<\/div>\n\t\t\t\t<div class=\"elementor-element elementor-element-e365f67 elementor-widget elementor-widget-heading\" data-id=\"e365f67\" data-element_type=\"widget\" data-widget_type=\"heading.default\">\n\t\t\t\t<div class=\"elementor-widget-container\">\n\t\t\t\t\t<h2 class=\"elementor-heading-title elementor-size-default\">Entdecken Sie die Routen, D\u00f6rfer und Erlebnisse, die einen Urlaub im Residence Pizzo Scalino besonders machen<\/h2>\t\t\t\t<\/div>\n\t\t\t\t<\/div>\n\t\t\t\t\t<\/div>\n\t\t\t\t<\/div>\n\t\t<div class=\"elementor-element elementor-element-9108d06 animated-slow e-flex e-con-boxed elementor-invisible e-con e-parent\" data-id=\"9108d06\" data-element_type=\"container\" data-settings=\"{&quot;jet_parallax_layout_list&quot;:[],&quot;animation&quot;:&quot;fadeIn&quot;,&quot;animation_mobile&quot;:&quot;none&quot;,&quot;animation_delay&quot;:500}\">\n\t\t\t\t\t<div class=\"e-con-inner\">\n\t\t<div class=\"elementor-element elementor-element-008b6e2 e-con-full e-flex e-con e-child\" data-id=\"008b6e2\" data-element_type=\"container\" data-settings=\"{&quot;jet_parallax_layout_list&quot;:[]}\">\n\t\t<div class=\"elementor-element elementor-element-8ab368e e-flex e-con-boxed e-con e-child\" data-id=\"8ab368e\" data-element_type=\"container\" data-settings=\"{&quot;jet_parallax_layout_list&quot;:[]}\">\n\t\t\t\t\t<div class=\"e-con-inner\">\n\t\t\t\t<div class=\"elementor-element elementor-element-9c84ac1 elementor-widget elementor-widget-heading\" data-id=\"9c84ac1\" data-element_type=\"widget\" data-widget_type=\"heading.default\">\n\t\t\t\t<div class=\"elementor-widget-container\">\n\t\t\t\t\t<h3 class=\"elementor-heading-title elementor-size-default\">Das Valmalenco entdecken<\/h3>\t\t\t\t<\/div>\n\t\t\t\t<\/div>\n\t\t\t\t<div class=\"elementor-element elementor-element-4839dfb elementor-widget elementor-widget-text-editor\" data-id=\"4839dfb\" data-element_type=\"widget\" data-widget_type=\"text-editor.default\">\n\t\t\t\t<div class=\"elementor-widget-container\">\n\t\t\t\t\t\t\t\t\t<p>In der majest\u00e4tischen Umgebung des Valmalenco, zwischen Gletschern und Almen, ist die Residence Pizzo Scalino der ideale Ausgangspunkt f\u00fcr die Erkundung alter D\u00f6rfer, Wanderwege wie den H\u00f6henweg des Valmalenco und alpine Abenteuer zu jeder Jahreszeit.<\/p>\t\t\t\t\t\t\t\t<\/div>\n\t\t\t\t<\/div>\n\t\t\t\t\t<\/div>\n\t\t\t\t<\/div>\n\t\t<div class=\"elementor-element elementor-element-8a0a222 e-grid e-con-full e-con e-child\" data-id=\"8a0a222\" data-element_type=\"container\" data-settings=\"{&quot;jet_parallax_layout_list&quot;:[]}\">\n\t\t\t\t<div class=\"elementor-element elementor-element-b458214 box-esperienza elementor-position-top elementor-widget elementor-widget-image-box\" data-id=\"b458214\" data-element_type=\"widget\" data-widget_type=\"image-box.default\">\n\t\t\t\t<div class=\"elementor-widget-container\">\n\t\t\t\t\t<div class=\"elementor-image-box-wrapper\"><figure class=\"elementor-image-box-img\"><a href=\"https:\/\/lariomotorsport.it\/\" target=\"_blank\" rel=\"nofollow\" tabindex=\"-1\"><img fetchpriority=\"high\" decoding=\"async\" width=\"1920\" height=\"1080\" src=\"https:\/\/www.residencepizzoscalino.com\/wp-content\/uploads\/2025\/08\/alta-via-valmalenco.jpg\" class=\"attachment-full size-full wp-image-783\" alt=\"Valmalenco H\u00f6henweg\" srcset=\"https:\/\/www.residencepizzoscalino.com\/wp-content\/uploads\/2025\/08\/alta-via-valmalenco.jpg 1920w, https:\/\/www.residencepizzoscalino.com\/wp-content\/uploads\/2025\/08\/alta-via-valmalenco-300x169.jpg 300w, https:\/\/www.residencepizzoscalino.com\/wp-content\/uploads\/2025\/08\/alta-via-valmalenco-1024x576.jpg 1024w, https:\/\/www.residencepizzoscalino.com\/wp-content\/uploads\/2025\/08\/alta-via-valmalenco-768x432.jpg 768w, https:\/\/www.residencepizzoscalino.com\/wp-content\/uploads\/2025\/08\/alta-via-valmalenco-1536x864.jpg 1536w\" sizes=\"(max-width: 1920px) 100vw, 1920px\" \/><\/a><\/figure><div class=\"elementor-image-box-content\"><h3 class=\"elementor-image-box-title\"><a href=\"https:\/\/lariomotorsport.it\/\" target=\"_blank\" rel=\"nofollow\">Alta Via della Valmalenco<\/a><\/h3><p class=\"elementor-image-box-description\">Wanderweg mit 8 Etappen zwischen Monte Disgrazia, Bernina und Pizzo Scalino, \u00fcber 100 km in gro\u00dfer H\u00f6he.<\/p><\/div><\/div>\t\t\t\t<\/div>\n\t\t\t\t<\/div>\n\t\t\t\t<div class=\"elementor-element elementor-element-bcf0c90 box-esperienza elementor-position-top elementor-widget elementor-widget-image-box\" data-id=\"bcf0c90\" data-element_type=\"widget\" data-widget_type=\"image-box.default\">\n\t\t\t\t<div class=\"elementor-widget-container\">\n\t\t\t\t\t<div class=\"elementor-image-box-wrapper\"><figure class=\"elementor-image-box-img\"><img decoding=\"async\" width=\"1920\" height=\"1080\" src=\"https:\/\/www.residencepizzoscalino.com\/wp-content\/uploads\/2025\/08\/trenino-rosso-del-bernina.jpg\" class=\"attachment-full size-full wp-image-780\" alt=\"bernina express - Der rote Bernina-Zug\" srcset=\"https:\/\/www.residencepizzoscalino.com\/wp-content\/uploads\/2025\/08\/trenino-rosso-del-bernina.jpg 1920w, https:\/\/www.residencepizzoscalino.com\/wp-content\/uploads\/2025\/08\/trenino-rosso-del-bernina-300x169.jpg 300w, https:\/\/www.residencepizzoscalino.com\/wp-content\/uploads\/2025\/08\/trenino-rosso-del-bernina-1024x576.jpg 1024w, https:\/\/www.residencepizzoscalino.com\/wp-content\/uploads\/2025\/08\/trenino-rosso-del-bernina-768x432.jpg 768w, https:\/\/www.residencepizzoscalino.com\/wp-content\/uploads\/2025\/08\/trenino-rosso-del-bernina-1536x864.jpg 1536w\" sizes=\"(max-width: 1920px) 100vw, 1920px\" \/><\/figure><div class=\"elementor-image-box-content\"><h3 class=\"elementor-image-box-title\">Bernina Red Train<\/h3><p class=\"elementor-image-box-description\">Spektakul\u00e4re Alpenbahn: Hochgebirgsstrecke, die Nord- und S\u00fcdeuropa verbindet. Gruppenerm\u00e4\u00dfigungen und Erm\u00e4\u00dfigungen bei der Unterbringung m\u00f6glich.<\/p><\/div><\/div>\t\t\t\t<\/div>\n\t\t\t\t<\/div>\n\t\t\t\t<div class=\"elementor-element elementor-element-4e3dca8 box-esperienza elementor-position-top elementor-widget elementor-widget-image-box\" data-id=\"4e3dca8\" data-element_type=\"widget\" data-widget_type=\"image-box.default\">\n\t\t\t\t<div class=\"elementor-widget-container\">\n\t\t\t\t\t<div class=\"elementor-image-box-wrapper\"><figure class=\"elementor-image-box-img\"><img decoding=\"async\" width=\"1920\" height=\"1080\" src=\"https:\/\/www.residencepizzoscalino.com\/wp-content\/uploads\/2025\/09\/wild-park-caspoggio.jpg\" class=\"attachment-full size-full wp-image-1087\" alt=\"Wildpark Caspoggio in Valmalenco\" srcset=\"https:\/\/www.residencepizzoscalino.com\/wp-content\/uploads\/2025\/09\/wild-park-caspoggio.jpg 1920w, https:\/\/www.residencepizzoscalino.com\/wp-content\/uploads\/2025\/09\/wild-park-caspoggio-300x169.jpg 300w, https:\/\/www.residencepizzoscalino.com\/wp-content\/uploads\/2025\/09\/wild-park-caspoggio-1024x576.jpg 1024w, https:\/\/www.residencepizzoscalino.com\/wp-content\/uploads\/2025\/09\/wild-park-caspoggio-768x432.jpg 768w, https:\/\/www.residencepizzoscalino.com\/wp-content\/uploads\/2025\/09\/wild-park-caspoggio-1536x864.jpg 1536w\" sizes=\"(max-width: 1920px) 100vw, 1920px\" \/><\/figure><div class=\"elementor-image-box-content\"><h3 class=\"elementor-image-box-title\">Wildpark Caspoggio<\/h3><p class=\"elementor-image-box-description\">Ein Katzensprung von Sondrio entfernt: 8 Parcours mit tibetanischen Br\u00fccken, 30-Meter-Schaukeln und viel Nervenkitzel f\u00fcr die ganze Familie.<\/p><\/div><\/div>\t\t\t\t<\/div>\n\t\t\t\t<\/div>\n\t\t\t\t<div class=\"elementor-element elementor-element-dc848ea box-esperienza elementor-position-top elementor-widget elementor-widget-image-box\" data-id=\"dc848ea\" data-element_type=\"widget\" data-widget_type=\"image-box.default\">\n\t\t\t\t<div class=\"elementor-widget-container\">\n\t\t\t\t\t<div class=\"elementor-image-box-wrapper\"><figure class=\"elementor-image-box-img\"><img loading=\"lazy\" decoding=\"async\" width=\"1536\" height=\"864\" src=\"https:\/\/www.residencepizzoscalino.com\/wp-content\/uploads\/2025\/09\/museo-galleria.jpg\" class=\"attachment-full size-full wp-image-1134\" alt=\"\u00d6komuseum des Bergwerks Bagnada in Valmalenco\" srcset=\"https:\/\/www.residencepizzoscalino.com\/wp-content\/uploads\/2025\/09\/museo-galleria.jpg 1536w, https:\/\/www.residencepizzoscalino.com\/wp-content\/uploads\/2025\/09\/museo-galleria-300x169.jpg 300w, https:\/\/www.residencepizzoscalino.com\/wp-content\/uploads\/2025\/09\/museo-galleria-1024x576.jpg 1024w, https:\/\/www.residencepizzoscalino.com\/wp-content\/uploads\/2025\/09\/museo-galleria-768x432.jpg 768w, https:\/\/www.residencepizzoscalino.com\/wp-content\/uploads\/2025\/09\/museo-galleria-18x10.jpg 18w\" sizes=\"(max-width: 1536px) 100vw, 1536px\" \/><\/figure><div class=\"elementor-image-box-content\"><h3 class=\"elementor-image-box-title\">\u00d6komuseum Bergwerk Bagnada<\/h3><p class=\"elementor-image-box-description\">Museum, das die Bergbaugeschichte des Tals bewahrt. Besuche nur nach Vereinbarung.<\/p><\/div><\/div>\t\t\t\t<\/div>\n\t\t\t\t<\/div>\n\t\t\t\t<div class=\"elementor-element elementor-element-8bbf371 box-esperienza elementor-position-top elementor-widget elementor-widget-image-box\" data-id=\"8bbf371\" data-element_type=\"widget\" data-widget_type=\"image-box.default\">\n\t\t\t\t<div class=\"elementor-widget-container\">\n\t\t\t\t\t<div class=\"elementor-image-box-wrapper\"><figure class=\"elementor-image-box-img\"><img loading=\"lazy\" decoding=\"async\" width=\"1920\" height=\"1080\" src=\"https:\/\/www.residencepizzoscalino.com\/wp-content\/uploads\/2025\/08\/caspoggio.jpg\" class=\"attachment-full size-full wp-image-784\" alt=\"Blick auf Caspoggio in Valmalenco\" srcset=\"https:\/\/www.residencepizzoscalino.com\/wp-content\/uploads\/2025\/08\/caspoggio.jpg 1920w, https:\/\/www.residencepizzoscalino.com\/wp-content\/uploads\/2025\/08\/caspoggio-300x169.jpg 300w, https:\/\/www.residencepizzoscalino.com\/wp-content\/uploads\/2025\/08\/caspoggio-1024x576.jpg 1024w, https:\/\/www.residencepizzoscalino.com\/wp-content\/uploads\/2025\/08\/caspoggio-768x432.jpg 768w, https:\/\/www.residencepizzoscalino.com\/wp-content\/uploads\/2025\/08\/caspoggio-1536x864.jpg 1536w\" sizes=\"(max-width: 1920px) 100vw, 1920px\" \/><\/figure><div class=\"elementor-image-box-content\"><h3 class=\"elementor-image-box-title\">D\u00f6rfer Primolo und Caspoggio<\/h3><p class=\"elementor-image-box-description\">Primolo: ein ruhiger Weiler auf 1 200 m, Ausgangspunkt f\u00fcr Wanderungen und Schneeschuhwanderungen; <br>Caspoggio: Ausblicke, Traditionen und die K\u00fcche des Veltlins.<\/p><\/div><\/div>\t\t\t\t<\/div>\n\t\t\t\t<\/div>\n\t\t\t\t<div class=\"elementor-element elementor-element-c30842f box-esperienza elementor-position-top elementor-widget elementor-widget-image-box\" data-id=\"c30842f\" data-element_type=\"widget\" data-widget_type=\"image-box.default\">\n\t\t\t\t<div class=\"elementor-widget-container\">\n\t\t\t\t\t<div class=\"elementor-image-box-wrapper\"><figure class=\"elementor-image-box-img\"><img loading=\"lazy\" decoding=\"async\" width=\"1920\" height=\"1080\" src=\"https:\/\/www.residencepizzoscalino.com\/wp-content\/uploads\/2025\/08\/lago-palu-valmalenco.jpg\" class=\"attachment-full size-full wp-image-782\" alt=\"Der Pal\u00f9-See in Valmalenco\" srcset=\"https:\/\/www.residencepizzoscalino.com\/wp-content\/uploads\/2025\/08\/lago-palu-valmalenco.jpg 1920w, https:\/\/www.residencepizzoscalino.com\/wp-content\/uploads\/2025\/08\/lago-palu-valmalenco-300x169.jpg 300w, https:\/\/www.residencepizzoscalino.com\/wp-content\/uploads\/2025\/08\/lago-palu-valmalenco-1024x576.jpg 1024w, https:\/\/www.residencepizzoscalino.com\/wp-content\/uploads\/2025\/08\/lago-palu-valmalenco-768x432.jpg 768w, https:\/\/www.residencepizzoscalino.com\/wp-content\/uploads\/2025\/08\/lago-palu-valmalenco-1536x864.jpg 1536w\" sizes=\"(max-width: 1920px) 100vw, 1920px\" \/><\/figure><div class=\"elementor-image-box-content\"><h3 class=\"elementor-image-box-title\">Pal\u00f9 See &amp; Schutzh\u00fctte<\/h3><p class=\"elementor-image-box-description\">Alpensee auf 1.925 m, ideal f\u00fcr Wanderungen, Rundfahrten oder mit der Seilbahn.<\/p><\/div><\/div>\t\t\t\t<\/div>\n\t\t\t\t<\/div>\n\t\t\t\t<\/div>\n\t\t\t\t<\/div>\n\t\t\t\t\t<\/div>\n\t\t\t\t<\/div>\n\t\t<div class=\"elementor-element elementor-element-89c7b7c e-flex e-con-boxed e-con e-parent\" data-id=\"89c7b7c\" data-element_type=\"container\" data-settings=\"{&quot;background_background&quot;:&quot;classic&quot;,&quot;jet_parallax_layout_list&quot;:[]}\">\n\t\t\t\t\t<div class=\"e-con-inner\">\n\t\t\t\t<div class=\"elementor-element elementor-element-ebfd606 elementor-widget__width-inherit elementor-widget elementor-widget-heading\" data-id=\"ebfd606\" data-element_type=\"widget\" data-widget_type=\"heading.default\">\n\t\t\t\t<div class=\"elementor-widget-container\">\n\t\t\t\t\t<h3 class=\"elementor-heading-title elementor-size-default\">Ihr n\u00e4chstes Abenteuer wartet auf Sie<\/h3>\t\t\t\t<\/div>\n\t\t\t\t<\/div>\n\t\t\t\t<div class=\"elementor-element elementor-element-9e4dbbf elementor-widget__width-inherit elementor-widget elementor-widget-heading\" data-id=\"9e4dbbf\" data-element_type=\"widget\" data-widget_type=\"heading.default\">\n\t\t\t\t<div class=\"elementor-widget-container\">\n\t\t\t\t\t<h4 class=\"elementor-heading-title elementor-size-default\">Zwischen Natur, Entspannung und Gastfreundschaft ist jetzt die beste Zeit zu buchen.<\/h4>\t\t\t\t<\/div>\n\t\t\t\t<\/div>\n\t\t\t\t<div class=\"elementor-element elementor-element-4d26727 elementor-align-justify elementor-widget elementor-widget-button\" data-id=\"4d26727\" data-element_type=\"widget\" data-widget_type=\"button.default\">\n\t\t\t\t<div class=\"elementor-widget-container\">\n\t\t\t\t\t\t\t\t\t<div class=\"elementor-button-wrapper\">\n\t\t\t\t\t<a class=\"elementor-button elementor-button-link elementor-size-sm\" href=\"https:\/\/www.secure-reservation.cloud\/booking-engine\/?portal=residencepizzoscalino-chiesainvalmalenco&amp;lang=de\" target=\"_blank\" rel=\"nofollow\">\n\t\t\t\t\t\t<span class=\"elementor-button-content-wrapper\">\n\t\t\t\t\t\t\t\t\t<span class=\"elementor-button-text\">jetzt buchen<\/span>\n\t\t\t\t\t<\/span>\n\t\t\t\t\t<\/a>\n\t\t\t\t<\/div>\n\t\t\t\t\t\t\t\t<\/div>\n\t\t\t\t<\/div>\n\t\t\t\t\t<\/div>\n\t\t\t\t<\/div>\n\t\t\t\t<\/div>","protected":false},"excerpt":{"rendered":"<p>Il territorio della Valmalenco: tra natura, cultura e avventura Scopri i percorsi, i borghi e le esperienze che rendono speciale la vacanza al Residence Pizzo Scalino Alla scoperta della Valmalenco Nella cornice maestosa della Valmalenco, tra ghiacciai e alpeggi, il Residence Pizzo Scalino \u00e8 il punto di partenza ideale per esplorare antichi borghi, percorsi escursionistici [&hellip;]<\/p>","protected":false},"author":1,"featured_media":0,"parent":0,"menu_order":0,"comment_status":"closed","ping_status":"closed","template":"","meta":{"footnotes":""},"class_list":["post-435","page","type-page","status-publish","hentry"],"yoast_head":"<!-- This site is optimized with the Yoast SEO plugin v26.0 - https:\/\/yoast.com\/wordpress\/plugins\/seo\/ -->\n<title>Attivit\u00e0 ed esperienze in Valmalenco | Residence Pizzo Scalino<\/title>\n<meta name=\"description\" content=\"Parti alla scoperta della Valmalenco dai nostri appartamenti e scopri la montagna e le sue meraviglie: sport, natura e cultura.\" \/>\n<meta name=\"robots\" content=\"index, follow, max-snippet:-1, max-image-preview:large, max-video-preview:-1\" \/>\n<link rel=\"canonical\" href=\"https:\/\/www.residencepizzoscalino.com\/de\/gebiet\/\" \/>\n<meta property=\"og:locale\" content=\"de_DE\" \/>\n<meta property=\"og:type\" content=\"article\" \/>\n<meta property=\"og:title\" content=\"Attivit\u00e0 ed esperienze in Valmalenco | Residence Pizzo Scalino\" \/>\n<meta property=\"og:description\" content=\"Parti alla scoperta della Valmalenco dai nostri appartamenti e scopri la montagna e le sue meraviglie: sport, natura e cultura.\" \/>\n<meta property=\"og:url\" content=\"https:\/\/www.residencepizzoscalino.com\/de\/gebiet\/\" \/>\n<meta property=\"og:site_name\" content=\"Residence Pizzo Scalino\" \/>\n<meta property=\"article:modified_time\" content=\"2026-03-20T10:31:35+00:00\" \/>\n<meta property=\"og:image\" content=\"https:\/\/www.residencepizzoscalino.com\/wp-content\/uploads\/2025\/08\/alta-via-valmalenco.jpg\" \/>\n\t<meta property=\"og:image:width\" content=\"1920\" \/>\n\t<meta property=\"og:image:height\" content=\"1080\" \/>\n\t<meta property=\"og:image:type\" content=\"image\/jpeg\" \/>\n<meta name=\"twitter:card\" content=\"summary_large_image\" \/>\n<meta name=\"twitter:label1\" content=\"Gesch\u00e4tzte Lesezeit\" \/>\n\t<meta name=\"twitter:data1\" content=\"3\u00a0Minuten\" \/>\n<script type=\"application\/ld+json\" class=\"yoast-schema-graph\">{\"@context\":\"https:\/\/schema.org\",\"@graph\":[{\"@type\":\"WebPage\",\"@id\":\"https:\/\/www.residencepizzoscalino.com\/territorio\/\",\"url\":\"https:\/\/www.residencepizzoscalino.com\/territorio\/\",\"name\":\"Attivit\u00e0 ed esperienze in Valmalenco | Residence Pizzo Scalino\",\"isPartOf\":{\"@id\":\"https:\/\/www.residencepizzoscalino.com\/#website\"},\"primaryImageOfPage\":{\"@id\":\"https:\/\/www.residencepizzoscalino.com\/territorio\/#primaryimage\"},\"image\":{\"@id\":\"https:\/\/www.residencepizzoscalino.com\/territorio\/#primaryimage\"},\"thumbnailUrl\":\"https:\/\/www.residencepizzoscalino.com\/wp-content\/uploads\/2025\/08\/alta-via-valmalenco.jpg\",\"datePublished\":\"2025-08-22T07:39:28+00:00\",\"dateModified\":\"2026-03-20T10:31:35+00:00\",\"description\":\"Parti alla scoperta della Valmalenco dai nostri appartamenti e scopri la montagna e le sue meraviglie: sport, natura e cultura.\",\"breadcrumb\":{\"@id\":\"https:\/\/www.residencepizzoscalino.com\/territorio\/#breadcrumb\"},\"inLanguage\":\"de\",\"potentialAction\":[{\"@type\":\"ReadAction\",\"target\":[\"https:\/\/www.residencepizzoscalino.com\/territorio\/\"]}]},{\"@type\":\"ImageObject\",\"inLanguage\":\"de\",\"@id\":\"https:\/\/www.residencepizzoscalino.com\/territorio\/#primaryimage\",\"url\":\"https:\/\/www.residencepizzoscalino.com\/wp-content\/uploads\/2025\/08\/alta-via-valmalenco.jpg\",\"contentUrl\":\"https:\/\/www.residencepizzoscalino.com\/wp-content\/uploads\/2025\/08\/alta-via-valmalenco.jpg\"},{\"@type\":\"BreadcrumbList\",\"@id\":\"https:\/\/www.residencepizzoscalino.com\/territorio\/#breadcrumb\",\"itemListElement\":[{\"@type\":\"ListItem\",\"position\":1,\"name\":\"Home\",\"item\":\"https:\/\/www.residencepizzoscalino.com\/\"},{\"@type\":\"ListItem\",\"position\":2,\"name\":\"Territorio\"}]},{\"@type\":\"WebSite\",\"@id\":\"https:\/\/www.residencepizzoscalino.com\/#website\",\"url\":\"https:\/\/www.residencepizzoscalino.com\/\",\"name\":\"Residence Pizzo Scalino\",\"description\":\"\",\"potentialAction\":[{\"@type\":\"SearchAction\",\"target\":{\"@type\":\"EntryPoint\",\"urlTemplate\":\"https:\/\/www.residencepizzoscalino.com\/?s={search_term_string}\"},\"query-input\":{\"@type\":\"PropertyValueSpecification\",\"valueRequired\":true,\"valueName\":\"search_term_string\"}}],\"inLanguage\":\"de\"}]}<\/script>\n<!-- \/ Yoast SEO plugin. -->","yoast_head_json":{"title":"Aktivit\u00e4ten und Erlebnisse in Valmalenco | Residence Pizzo Scalino","description":"Machen Sie sich auf den Weg, um das Valmalenco von unseren Wohnungen aus zu erkunden und den Berg und seine Wunder zu entdecken: Sport, Natur und Kultur.","robots":{"index":"index","follow":"follow","max-snippet":"max-snippet:-1","max-image-preview":"max-image-preview:large","max-video-preview":"max-video-preview:-1"},"canonical":"https:\/\/www.residencepizzoscalino.com\/de\/gebiet\/","og_locale":"de_DE","og_type":"article","og_title":"Attivit\u00e0 ed esperienze in Valmalenco | Residence Pizzo Scalino","og_description":"Parti alla scoperta della Valmalenco dai nostri appartamenti e scopri la montagna e le sue meraviglie: sport, natura e cultura.","og_url":"https:\/\/www.residencepizzoscalino.com\/de\/gebiet\/","og_site_name":"Residence Pizzo Scalino","article_modified_time":"2026-03-20T10:31:35+00:00","og_image":[{"width":1920,"height":1080,"url":"https:\/\/www.residencepizzoscalino.com\/wp-content\/uploads\/2025\/08\/alta-via-valmalenco.jpg","type":"image\/jpeg"}],"twitter_card":"summary_large_image","twitter_misc":{"Gesch\u00e4tzte Lesezeit":"3\u00a0Minuten"},"schema":{"@context":"https:\/\/schema.org","@graph":[{"@type":"WebPage","@id":"https:\/\/www.residencepizzoscalino.com\/territorio\/","url":"https:\/\/www.residencepizzoscalino.com\/territorio\/","name":"Aktivit\u00e4ten und Erlebnisse in Valmalenco | Residence Pizzo Scalino","isPartOf":{"@id":"https:\/\/www.residencepizzoscalino.com\/#website"},"primaryImageOfPage":{"@id":"https:\/\/www.residencepizzoscalino.com\/territorio\/#primaryimage"},"image":{"@id":"https:\/\/www.residencepizzoscalino.com\/territorio\/#primaryimage"},"thumbnailUrl":"https:\/\/www.residencepizzoscalino.com\/wp-content\/uploads\/2025\/08\/alta-via-valmalenco.jpg","datePublished":"2025-08-22T07:39:28+00:00","dateModified":"2026-03-20T10:31:35+00:00","description":"Machen Sie sich auf den Weg, um das Valmalenco von unseren Wohnungen aus zu erkunden und den Berg und seine Wunder zu entdecken: Sport, Natur und Kultur.","breadcrumb":{"@id":"https:\/\/www.residencepizzoscalino.com\/territorio\/#breadcrumb"},"inLanguage":"de","potentialAction":[{"@type":"ReadAction","target":["https:\/\/www.residencepizzoscalino.com\/territorio\/"]}]},{"@type":"ImageObject","inLanguage":"de","@id":"https:\/\/www.residencepizzoscalino.com\/territorio\/#primaryimage","url":"https:\/\/www.residencepizzoscalino.com\/wp-content\/uploads\/2025\/08\/alta-via-valmalenco.jpg","contentUrl":"https:\/\/www.residencepizzoscalino.com\/wp-content\/uploads\/2025\/08\/alta-via-valmalenco.jpg"},{"@type":"BreadcrumbList","@id":"https:\/\/www.residencepizzoscalino.com\/territorio\/#breadcrumb","itemListElement":[{"@type":"ListItem","position":1,"name":"Home","item":"https:\/\/www.residencepizzoscalino.com\/"},{"@type":"ListItem","position":2,"name":"Territorio"}]},{"@type":"WebSite","@id":"https:\/\/www.residencepizzoscalino.com\/#website","url":"https:\/\/www.residencepizzoscalino.com\/","name":"Wohnsitz Pizzo Scalino","description":"","potentialAction":[{"@type":"SearchAction","target":{"@type":"EntryPoint","urlTemplate":"https:\/\/www.residencepizzoscalino.com\/?s={search_term_string}"},"query-input":{"@type":"PropertyValueSpecification","valueRequired":true,"valueName":"search_term_string"}}],"inLanguage":"de"}]}},"_links":{"self":[{"href":"https:\/\/www.residencepizzoscalino.com\/de\/wp-json\/wp\/v2\/pages\/435","targetHints":{"allow":["GET"]}}],"collection":[{"href":"https:\/\/www.residencepizzoscalino.com\/de\/wp-json\/wp\/v2\/pages"}],"about":[{"href":"https:\/\/www.residencepizzoscalino.com\/de\/wp-json\/wp\/v2\/types\/page"}],"author":[{"embeddable":true,"href":"https:\/\/www.residencepizzoscalino.com\/de\/wp-json\/wp\/v2\/users\/1"}],"replies":[{"embeddable":true,"href":"https:\/\/www.residencepizzoscalino.com\/de\/wp-json\/wp\/v2\/comments?post=435"}],"version-history":[{"count":29,"href":"https:\/\/www.residencepizzoscalino.com\/de\/wp-json\/wp\/v2\/pages\/435\/revisions"}],"predecessor-version":[{"id":1226,"href":"https:\/\/www.residencepizzoscalino.com\/de\/wp-json\/wp\/v2\/pages\/435\/revisions\/1226"}],"wp:attachment":[{"href":"https:\/\/www.residencepizzoscalino.com\/de\/wp-json\/wp\/v2\/media?parent=435"}],"curies":[{"name":"wp","href":"https:\/\/api.w.org\/{rel}","templated":true}]}}