{"id":3,"date":"2025-08-22T09:39:28","date_gmt":"2025-08-22T07:39:28","guid":{"rendered":"https:\/\/www.residencepizzoscalino.com\/?page_id=3"},"modified":"2025-09-24T17:04:28","modified_gmt":"2025-09-24T15:04:28","slug":"datenschutzbestimmungen","status":"publish","type":"page","link":"https:\/\/www.residencepizzoscalino.com\/de\/datenschutzbestimmungen\/","title":{"rendered":"Datenschutzbestimmungen"},"content":{"rendered":"<div data-elementor-type=\"wp-page\" data-elementor-id=\"3\" class=\"elementor elementor-3\" data-elementor-post-type=\"page\">\n\t\t\t\t<div class=\"elementor-element elementor-element-32b30614 e-flex e-con-boxed e-con e-parent\" data-id=\"32b30614\" data-element_type=\"container\" data-settings=\"{&quot;background_background&quot;:&quot;classic&quot;,&quot;jet_parallax_layout_list&quot;:[]}\">\n\t\t\t\t\t<div class=\"e-con-inner\">\n\t\t\t\t<div class=\"elementor-element elementor-element-d2ec8f6 elementor-widget elementor-widget-heading\" data-id=\"d2ec8f6\" data-element_type=\"widget\" data-widget_type=\"heading.default\">\n\t\t\t\t<div class=\"elementor-widget-container\">\n\t\t\t\t\t<h1 class=\"elementor-heading-title elementor-size-default\">Datenschutzbestimmungen<\/h1>\t\t\t\t<\/div>\n\t\t\t\t<\/div>\n\t\t\t\t<div class=\"elementor-element elementor-element-2b2b2ff0 elementor-widget elementor-widget-text-editor\" data-id=\"2b2b2ff0\" data-element_type=\"widget\" data-widget_type=\"text-editor.default\">\n\t\t\t\t<div class=\"elementor-widget-container\">\n\t\t\t\t\t\t\t\t\t<p>(Gem\u00e4\u00df Artikel 13 und 14 der Verordnung (EU) 2016\/679 - GDPR; Gesetzesdekret 196\/2003 und nachfolgende \u00c4nderungen und Erg\u00e4nzungen; Leitlinien zu Cookies und anderen Tracking-Tools)<\/p><p>Lieber Benutzer,<\/p><p>diese Richtlinie erkl\u00e4rt auf einfache und transparente Weise, wie wir personenbezogene Daten verarbeiten, wenn Sie unsere Website besuchen, wenn Sie uns kontaktieren oder wenn Sie einen Aufenthalt in unserem Haus buchen. Wir verarbeiten die Daten in \u00dcbereinstimmung mit der Verordnung (EU) 2016\/679 (\"GDPR\") und dem Datenschutzgesetz (Gesetzesdekret 196\/2003, ge\u00e4ndert durch Gesetzesdekret 101\/2018), indem wir geeignete technische und organisatorische Ma\u00dfnahmen ergreifen, um ihre Sicherheit, Vertraulichkeit und Integrit\u00e4t zu gew\u00e4hrleisten.<\/p><p>\u00a0<\/p><p><strong>F\u00fcr die Verarbeitung Verantwortlicher und Ansprechpartner<\/strong><\/p><p>Der Inhaber der Datenverarbeitung ist IL RESIDENCE PIZZO SCALINO, in der Person seines gesetzlichen Vertreters pro tempore, mit Sitz in Via Bernina 107, 23023 Chiesa in Valmalenco (SO)<\/p><p>Anschriften: <strong>Telefon<\/strong> 3282774380 <strong>E-Mail<\/strong> - info@residencepizzoscalino.com <strong>PEC<\/strong> cabellopietrosrl@pec.it<\/p><p>Adriano Cabello, der Datenschutzbeauftragte (DSB), ist erreichbar unter: info@residencepizzoscalino.com\u00a0<\/p><p>\u00a0<\/p><p><strong>Arten von Daten, die \u00fcber die Website verarbeitet werden<\/strong><\/p><ul><li>Browsing-Daten: IP-Adresse, Zeit\/Zeitzone, URI\/URL, besuchte Seiten, Referrer, Browser- und Ger\u00e4tetyp\/-version, Systemprotokolle und Informationen \u00fcber Fehlfunktionen. Diese Daten sind f\u00fcr den Betrieb und die Sicherheit der Website erforderlich.<\/li><li>Freiwillig zur Verf\u00fcgung gestellte Daten: in Formulare eingegebene Informationen (z. B. Kontaktdaten, Angebote, Newsletter-Abonnement), Nachrichten und Anh\u00e4nge, Unterkunftspr\u00e4ferenzen.<\/li><li>Reservierungs-\/Aufenthaltsdaten: vorvertragliche und vertragliche Informationen, die f\u00fcr die Verwaltung der Reservierung erforderlich sind (z. B. pers\u00f6nliche Daten, Kontaktdaten, Zahlungsdaten wie Garantiekarte), Rechnungsdaten (falls vorhanden).<\/li><li>Besondere Daten (nur wenn sie mitgeteilt werden): Informationen \u00fcber Allergien, Unvertr\u00e4glichkeiten oder gesundheitliche Bed\u00fcrfnisse, die mitgeteilt werden, um den Dienst zu personalisieren. Diese Daten werden nur mit Ihrer ausdr\u00fccklichen Zustimmung und nur f\u00fcr den gew\u00fcnschten Zweck verarbeitet.<\/li><li>Durch Cookies und \u00e4hnliche Instrumente gesammelte Daten: technische, analytische und Profilierungs-\/Marketing-Cookies, auch von Dritten. Siehe Abschnitt \"Cookie-Richtlinie\".<\/li><\/ul><p>\u00a0<\/p><p><strong>Ziele und Rechtsgrundlagen<\/strong><\/p><p>Wir verarbeiten Daten f\u00fcr:<\/p><ol><li>a) Bearbeitung von Anfragen, Angeboten, Buchungen und des Bewirtungsverh\u00e4ltnisses (Rechtsgrundlage: Durchf\u00fchrung von vorvertraglichen Ma\u00dfnahmen\/Vertrag<\/li><li>b) Erf\u00fcllung gesetzlicher Verpflichtungen (z. B. Art. 109 T.U.L.P.S. f\u00fcr Untermieter, steuerliche\/buchhalterische Verpflichtungen)\u00a0<\/li><li>c) Gew\u00e4hrleistung der Sicherheit von Personen, Einrichtungen und IT-Systemen; Verhinderung von Betrug und Missbrauch; Schutz der Rechte vor Gericht - berechtigtes Interesse\u00a0<\/li><li>d) Versand von Newslettern und Werbemitteilungen nur mit Ihrer Zustimmung. Bestehenden Kunden k\u00f6nnen wir vorbehaltlich Ihres Rechts, jederzeit Widerspruch einzulegen, Mitteilungen \u00fcber \u00e4hnliche Dienste (so genannter \"Soft-Spam\") zusenden.<\/li><li>e) Personalisierung der Erfahrung auf der Website und Messung der Wirksamkeit von Inhalten\/Werbung durch analytische und profilierende Cookies, nur mit vorheriger Zustimmung\u00a0<\/li><li>(f) Verarbeitung gesundheitsbezogener Daten ausschlie\u00dflich zum Zwecke der Erbringung der angeforderten personalisierten Dienste - ausdr\u00fcckliche Zustimmung).<\/li><\/ol><p>\u00a0<\/p><p><strong>Art der Verleihung<\/strong><\/p><p>Die Bereitstellung der f\u00fcr die Zwecke unter a) und b) erforderlichen Daten ist obligatorisch: Ohne sie k\u00f6nnen wir die angeforderten Dienstleistungen nicht erbringen. Die Bereitstellung von Daten f\u00fcr die Zwecke unter d), e) und f\u00fcr besondere Daten ist fakultativ: Die Nichterteilung der Zustimmung hat keinen Einfluss auf die Erbringung der wichtigsten Dienstleistungen; Sie k\u00f6nnen sie jederzeit widerrufen oder Ihre Pr\u00e4ferenzen \u00e4ndern.<\/p><p>\u00a0<\/p><p><strong>Verarbeitungsmethoden und Sicherheitsma\u00dfnahmen<\/strong><\/p><p>Die Daten werden auf elektronischem Wege und, soweit erforderlich, auf Papier verarbeitet. Wir wenden Zugangskontrollen, gegebenenfalls Verschl\u00fcsselung, Aufbewahrungsrichtlinien und Verfahren f\u00fcr das Vorfallsmanagement an. Die Mitarbeiter sind autorisiert und entsprechend geschult; Lieferanten sind an GDPR-konforme Vereinbarungen gebunden.<\/p><p>\u00a0<\/p><p><strong>Aufbewahrung von Daten<\/strong><\/p><ul><li>Verwaltungs-, Steuer- und Vertragsdaten: 10 Jahre (vorbehaltlich l\u00e4ngerer Fristen bei rechtlichen Verpflichtungen und Rechtsstreitigkeiten).<\/li><li>Verwaltung von Kontaktdaten\/Anfragen: f\u00fcr den Zeitraum, der f\u00fcr eine R\u00fcckmeldung erforderlich ist, bis zu 24 Monate bei Gesch\u00e4ftskontakten.<\/li><li>Newsletter\/Marketingdaten: bis zum Widerruf der Einwilligung oder Ihrem Widerspruch.<\/li><li>IT-Sicherheitsdaten und technische Protokolle: in der Regel 6-24 Monate, es sei denn, sie werden f\u00fcr die Untersuchung von Straftaten und die Verteidigung vor Gericht ben\u00f6tigt.<\/li><li>Video\u00fcberwachungsdaten (falls vorhanden): automatische L\u00f6schung innerhalb weniger Tage (nicht mehr als 7).<\/li><li>Cookies: entsprechend der im Abschnitt \"Cookie-Liste\" und im Bereich \"Cookie-Einstellungen\" aufgef\u00fchrten Zeitr\u00e4ume.<\/li><\/ul><p>\u00a0<\/p><p><strong>Empf\u00e4nger und Kategorien von Datenverarbeitern<\/strong><\/p><p>Die Daten k\u00f6nnen verarbeitet werden von:<\/p><ul><li>speziell autorisiertes Hotelpersonal;<\/li><li>IT-\/Hosting-Dienstleister, Wartung, CRM, E-Mail-Marketing\/Newsletter, Buchungsmaschine und Zahlungsgateway;<\/li><li>Berater (Buchhaltung\/Steuern\/Recht), Versicherungsgesellschaften (im Schadensfall), Beh\u00f6rden\/Sicherheitsdienste, falls erforderlich.<\/li><\/ul><p>Die Daten werden nicht weitergegeben. Die aktualisierte Liste der externen Datenverarbeiter ist auf Anfrage erh\u00e4ltlich.<\/p><p>\u00a0<\/p><p><strong>Extra-EU-Transfers<\/strong><\/p><p>Einige Anbieter k\u00f6nnen B\u00fcros oder Server in L\u00e4ndern au\u00dferhalb der EU haben (z. B. Cloud-Dienste, Newsletter, Analysen). In solchen F\u00e4llen erfolgt die \u00dcbermittlung in \u00dcbereinstimmung mit Art. 44 ff. GDPR (Angemessenheitsbeschl\u00fcsse, Standardvertragsklauseln, zus\u00e4tzliche Ma\u00dfnahmen). Detaillierte Informationen sind im Panel \"Cookie-Einstellungen\" oder auf Anfrage erh\u00e4ltlich.<\/p><p>\u00a0<\/p><p><strong>Rechte der betroffenen Person<\/strong><\/p><p>Sie k\u00f6nnen jederzeit Ihre Rechte gem\u00e4\u00df Artikel 15-22 DSGVO aus\u00fcben: Zugang, Berichtigung, L\u00f6schung, Einschr\u00e4nkung, \u00dcbertragbarkeit, Widerspruch gegen die Verarbeitung (auch f\u00fcr Marketing\/Soft-Spam) sowie Widerruf der Einwilligung, unbeschadet der Rechtm\u00e4\u00dfigkeit der Verarbeitung, die auf Ihrer Einwilligung vor dem Widerruf beruht. Zur Aus\u00fcbung Ihrer Rechte: Cabellopietrosrl@pec.it.<\/p><p>Sie haben auch das Recht, eine Beschwerde bei der Garante per la protezione dei dati personali (<a href=\"http:\/\/www.garanteprivacy.it\">www.garanteprivacy.it<\/a>).<\/p><p>\u00a0<\/p><p><strong>Minderj\u00e4hrige<\/strong><\/p><p>Die Dienste auf dieser Website sind nicht f\u00fcr Kinder unter 14 Jahren bestimmt. Sollte uns bekannt werden, dass wir Daten von Minderj\u00e4hrigen ohne die Zustimmung der Tr\u00e4ger der elterlichen Verantwortung erhoben haben, werden wir diese unverz\u00fcglich l\u00f6schen.<\/p><p>\u00a0<\/p><p><strong>Aktualisierungen<\/strong><\/p><p>Wir k\u00f6nnen diese Richtlinie aktualisieren, um sie an gesetzliche oder technische \u00c4nderungen anzupassen.<\/p><p>\u00a0<\/p><p><strong>Video\u00fcberwachung<\/strong>\u00a0<\/p><p>In den Gemeinschaftsbereichen des Hotels k\u00f6nnen Video\u00fcberwachungssysteme aktiv sein, die durch entsprechende Schilder gekennzeichnet sind. Die Bilder werden ausschlie\u00dflich zu Zwecken der Sicherheit und des Schutzes des kulturellen Erbes auf der Grundlage eines berechtigten Interesses verwendet; die Daten werden innerhalb weniger Tage (in jedem Fall nicht l\u00e4nger als 7) automatisch gel\u00f6scht, es sei denn, eine weitere Speicherung ist im Falle rechtswidriger\/autorit\u00e4rer Ereignisse erforderlich.<\/p><p>\u00a0<\/p><p><strong>Zustimmungen und \"Soft-Spam<\/strong><\/p><p>F\u00fcr Newsletter und Marketing verwenden wir Formulare mit separaten Zustimmungsfeldern. Wenn Sie bereits unser Kunde sind, k\u00f6nnen wir Ihnen Mitteilungen \u00fcber \u00e4hnliche Dienstleistungen wie die, die Sie erworben haben, zusenden (Art. 130, Abs. 4, Datenschutzgesetz): Sie k\u00f6nnen jederzeit, einfach und kostenlos, \u00fcber den Link in der E-Mail oder durch ein Schreiben an uns widersprechen.<\/p><p>\u00a0<\/p><p><strong>Abschlie\u00dfende Erkl\u00e4rungen<\/strong><\/p><p>Eigent\u00fcmer: Wohnanlage Pizzo Scalino, Via Bernina 107, 23023 Chiesa in Valmalenco (SO)\u00a0<\/p><p>Letzte Aktualisierung: 23\/09\/2025<\/p>\t\t\t\t\t\t\t\t<\/div>\n\t\t\t\t<\/div>\n\t\t\t\t<div class=\"elementor-element elementor-element-7e84be4 elementor-widget elementor-widget-heading\" data-id=\"7e84be4\" data-element_type=\"widget\" data-widget_type=\"heading.default\">\n\t\t\t\t<div class=\"elementor-widget-container\">\n\t\t\t\t\t<h1 class=\"elementor-heading-title elementor-size-default\">Cookie-Politik<\/h1>\t\t\t\t<\/div>\n\t\t\t\t<\/div>\n\t\t\t\t<div class=\"elementor-element elementor-element-f9d1ca5 elementor-widget elementor-widget-text-editor\" data-id=\"f9d1ca5\" data-element_type=\"widget\" data-widget_type=\"text-editor.default\">\n\t\t\t\t<div class=\"elementor-widget-container\">\n\t\t\t\t\t\t\t\t\t<p><script id=\"CookieDeclaration\" src=\"https:\/\/consent.cookiebot.com\/45488498-c20a-405c-8202-eb1a5995b273\/cd.js\" type=\"text\/javascript\" async><\/script><\/p>\t\t\t\t\t\t\t\t<\/div>\n\t\t\t\t<\/div>\n\t\t\t\t\t<\/div>\n\t\t\t\t<\/div>\n\t\t\t\t<\/div>","protected":false},"excerpt":{"rendered":"<p>Privacy policy (ai sensi degli artt. 13 e 14 Reg. (UE) 2016\/679 \u2013 GDPR; D.Lgs. 196\/2003 e s.m.i.; Linee guida cookie e altri strumenti di tracciamento) Gentile Utente, questa informativa spiega in modo semplice e trasparente come trattiamo i dati personali quando naviga sul nostro sito web, quando ci contatta oppure quando prenota un soggiorno [&hellip;]<\/p>","protected":false},"author":1,"featured_media":0,"parent":0,"menu_order":0,"comment_status":"closed","ping_status":"open","template":"","meta":{"footnotes":""},"class_list":["post-3","page","type-page","status-publish","hentry"],"yoast_head":"<!-- This site is optimized with the Yoast SEO plugin v26.0 - https:\/\/yoast.com\/wordpress\/plugins\/seo\/ -->\n<title>Privacy policy | Residence Pizzo Scalino<\/title>\n<meta name=\"description\" content=\"Leggi la privacy policy e la cookie declaration del Residence Pizzo Scalino, una moderna casa vacanze con appartamenti in Valmalenco.\" \/>\n<meta name=\"robots\" content=\"index, follow, max-snippet:-1, max-image-preview:large, max-video-preview:-1\" \/>\n<link rel=\"canonical\" href=\"https:\/\/www.residencepizzoscalino.com\/de\/datenschutzbestimmungen\/\" \/>\n<meta property=\"og:locale\" content=\"de_DE\" \/>\n<meta property=\"og:type\" content=\"article\" \/>\n<meta property=\"og:title\" content=\"Privacy policy | Residence Pizzo Scalino\" \/>\n<meta property=\"og:description\" content=\"Leggi la privacy policy e la cookie declaration del Residence Pizzo Scalino, una moderna casa vacanze con appartamenti in Valmalenco.\" \/>\n<meta property=\"og:url\" content=\"https:\/\/www.residencepizzoscalino.com\/de\/datenschutzbestimmungen\/\" \/>\n<meta property=\"og:site_name\" content=\"Residence Pizzo Scalino\" \/>\n<meta property=\"article:modified_time\" content=\"2025-09-24T15:04:28+00:00\" \/>\n<meta name=\"twitter:card\" content=\"summary_large_image\" \/>\n<meta name=\"twitter:label1\" content=\"Gesch\u00e4tzte Lesezeit\" \/>\n\t<meta name=\"twitter:data1\" content=\"6\u00a0Minuten\" \/>\n<script type=\"application\/ld+json\" class=\"yoast-schema-graph\">{\"@context\":\"https:\/\/schema.org\",\"@graph\":[{\"@type\":\"WebPage\",\"@id\":\"https:\/\/www.residencepizzoscalino.com\/privacy-policy\/\",\"url\":\"https:\/\/www.residencepizzoscalino.com\/privacy-policy\/\",\"name\":\"Privacy policy | Residence Pizzo Scalino\",\"isPartOf\":{\"@id\":\"https:\/\/www.residencepizzoscalino.com\/#website\"},\"datePublished\":\"2025-08-22T07:39:28+00:00\",\"dateModified\":\"2025-09-24T15:04:28+00:00\",\"description\":\"Leggi la privacy policy e la cookie declaration del Residence Pizzo Scalino, una moderna casa vacanze con appartamenti in Valmalenco.\",\"breadcrumb\":{\"@id\":\"https:\/\/www.residencepizzoscalino.com\/privacy-policy\/#breadcrumb\"},\"inLanguage\":\"de\",\"potentialAction\":[{\"@type\":\"ReadAction\",\"target\":[\"https:\/\/www.residencepizzoscalino.com\/privacy-policy\/\"]}]},{\"@type\":\"BreadcrumbList\",\"@id\":\"https:\/\/www.residencepizzoscalino.com\/privacy-policy\/#breadcrumb\",\"itemListElement\":[{\"@type\":\"ListItem\",\"position\":1,\"name\":\"Home\",\"item\":\"https:\/\/www.residencepizzoscalino.com\/\"},{\"@type\":\"ListItem\",\"position\":2,\"name\":\"Privacy policy\"}]},{\"@type\":\"WebSite\",\"@id\":\"https:\/\/www.residencepizzoscalino.com\/#website\",\"url\":\"https:\/\/www.residencepizzoscalino.com\/\",\"name\":\"Residence Pizzo Scalino\",\"description\":\"\",\"potentialAction\":[{\"@type\":\"SearchAction\",\"target\":{\"@type\":\"EntryPoint\",\"urlTemplate\":\"https:\/\/www.residencepizzoscalino.com\/?s={search_term_string}\"},\"query-input\":{\"@type\":\"PropertyValueSpecification\",\"valueRequired\":true,\"valueName\":\"search_term_string\"}}],\"inLanguage\":\"de\"}]}<\/script>\n<!-- \/ Yoast SEO plugin. -->","yoast_head_json":{"title":"Datenschutzerkl\u00e4rung | Residence Pizzo Scalino","description":"Lesen Sie die Datenschutzbestimmungen und die Cookie-Erkl\u00e4rung von Residence Pizzo Scalino, einem modernen Ferienhaus mit Wohnungen in Valmalenco.","robots":{"index":"index","follow":"follow","max-snippet":"max-snippet:-1","max-image-preview":"max-image-preview:large","max-video-preview":"max-video-preview:-1"},"canonical":"https:\/\/www.residencepizzoscalino.com\/de\/datenschutzbestimmungen\/","og_locale":"de_DE","og_type":"article","og_title":"Privacy policy | Residence Pizzo Scalino","og_description":"Leggi la privacy policy e la cookie declaration del Residence Pizzo Scalino, una moderna casa vacanze con appartamenti in Valmalenco.","og_url":"https:\/\/www.residencepizzoscalino.com\/de\/datenschutzbestimmungen\/","og_site_name":"Residence Pizzo Scalino","article_modified_time":"2025-09-24T15:04:28+00:00","twitter_card":"summary_large_image","twitter_misc":{"Gesch\u00e4tzte Lesezeit":"6\u00a0Minuten"},"schema":{"@context":"https:\/\/schema.org","@graph":[{"@type":"WebPage","@id":"https:\/\/www.residencepizzoscalino.com\/privacy-policy\/","url":"https:\/\/www.residencepizzoscalino.com\/privacy-policy\/","name":"Datenschutzerkl\u00e4rung | Residence Pizzo Scalino","isPartOf":{"@id":"https:\/\/www.residencepizzoscalino.com\/#website"},"datePublished":"2025-08-22T07:39:28+00:00","dateModified":"2025-09-24T15:04:28+00:00","description":"Lesen Sie die Datenschutzbestimmungen und die Cookie-Erkl\u00e4rung von Residence Pizzo Scalino, einem modernen Ferienhaus mit Wohnungen in Valmalenco.","breadcrumb":{"@id":"https:\/\/www.residencepizzoscalino.com\/privacy-policy\/#breadcrumb"},"inLanguage":"de","potentialAction":[{"@type":"ReadAction","target":["https:\/\/www.residencepizzoscalino.com\/privacy-policy\/"]}]},{"@type":"BreadcrumbList","@id":"https:\/\/www.residencepizzoscalino.com\/privacy-policy\/#breadcrumb","itemListElement":[{"@type":"ListItem","position":1,"name":"Home","item":"https:\/\/www.residencepizzoscalino.com\/"},{"@type":"ListItem","position":2,"name":"Privacy policy"}]},{"@type":"WebSite","@id":"https:\/\/www.residencepizzoscalino.com\/#website","url":"https:\/\/www.residencepizzoscalino.com\/","name":"Wohnsitz Pizzo Scalino","description":"","potentialAction":[{"@type":"SearchAction","target":{"@type":"EntryPoint","urlTemplate":"https:\/\/www.residencepizzoscalino.com\/?s={search_term_string}"},"query-input":{"@type":"PropertyValueSpecification","valueRequired":true,"valueName":"search_term_string"}}],"inLanguage":"de"}]}},"_links":{"self":[{"href":"https:\/\/www.residencepizzoscalino.com\/de\/wp-json\/wp\/v2\/pages\/3","targetHints":{"allow":["GET"]}}],"collection":[{"href":"https:\/\/www.residencepizzoscalino.com\/de\/wp-json\/wp\/v2\/pages"}],"about":[{"href":"https:\/\/www.residencepizzoscalino.com\/de\/wp-json\/wp\/v2\/types\/page"}],"author":[{"embeddable":true,"href":"https:\/\/www.residencepizzoscalino.com\/de\/wp-json\/wp\/v2\/users\/1"}],"replies":[{"embeddable":true,"href":"https:\/\/www.residencepizzoscalino.com\/de\/wp-json\/wp\/v2\/comments?post=3"}],"version-history":[{"count":20,"href":"https:\/\/www.residencepizzoscalino.com\/de\/wp-json\/wp\/v2\/pages\/3\/revisions"}],"predecessor-version":[{"id":1161,"href":"https:\/\/www.residencepizzoscalino.com\/de\/wp-json\/wp\/v2\/pages\/3\/revisions\/1161"}],"wp:attachment":[{"href":"https:\/\/www.residencepizzoscalino.com\/de\/wp-json\/wp\/v2\/media?parent=3"}],"curies":[{"name":"wp","href":"https:\/\/api.w.org\/{rel}","templated":true}]}}